{"id":620,"date":"2017-02-28T09:49:35","date_gmt":"2017-02-28T08:49:35","guid":{"rendered":"http:\/\/weegruppen.no\/?page_id=620"},"modified":"2017-02-28T09:49:35","modified_gmt":"2017-02-28T08:49:35","slug":"dropper-kurs-mister-forsikringserstatning","status":"publish","type":"page","link":"https:\/\/nyheter.wee.no\/?page_id=620","title":{"rendered":"Dropper kurs \u2013 mister forsikringserstatning"},"content":{"rendered":"<h3>Brenner firmaets bygg ned p\u00e5 grunn varme arbeid, og du ikke kan dokumentere kurskompetanse, risikerer du \u00e5 st\u00e5 igjen med hele regningen, forteller daglig leder i Wee Kurssenter, Kristine Wee.<\/h3>\n<p>Varme arbeider omfatter arbeid med maskiner og utstyr som genererer gnister og varme som kan f\u00f8re til brann. Det inneb\u00e6rer bruk av \u00e5pen flamme eller utstyr som varmlufts-, sveise-, skj\u00e6re- eller slipeutstyr. Selv om antall branner p\u00e5 grunn av varme arbeider er redusert de siste \u00e5rene, betales det i dag ut flere titalls millioner kroner i erstatning i saker som omfatter brannskade ved varme arbeider i Norge.<\/p>\n<p><strong>Risikerer \u00e5 miste erstatning<\/strong><\/p>\n<p>Kravet til kursing i varme arbeider er spesielt fordi det stilles spesifikke krav til denne<\/p>\n<p>kompetansen igjennom forsikringsselskapene. Finans Norge, som organiserer forsikringsbransjen, har utviklet sikkerhetsforskrifter man m\u00e5 forholde seg til dersom man \u00f8nsker en gyldig forsikring i dag, forteller daglig leder i Wee Kurssenter, Kristine Wee.<\/p>\n<p>\u2013 Dersom medarbeidere som jobber med varme ikke er kurset i forskriftene, og det oppst\u00e5r brann i sammenheng med arbeider i bedriften, kan forsikringsselskapene i verste fall droppe \u00e5 betale ut skadeerstatning. Det er en sjanse forbausende mange bedriftsledere er villige til \u00e5 ta i dag, sier Kristine Wee.<\/p>\n<p>\u2013 Sikkerhetsforskriftene til Finans Norge m\u00e5 ikke forveksles med forskriftene i Arbeidsmilj\u00f8loven, som man risikerer en bot dersom man ikke f\u00f8lger. Dette er forsikringsbransjens egne regler, noe som gir sv\u00e6rt h\u00f8y \u00f8konomisk risiko \u00e5 ikke f\u00f8lge, sier Kristine Wee.<\/p>\n<p>I dag er det Norsk brannvernforening som utdanner instrukt\u00f8rer og utvikler arbeidsinstrukser og oppl\u00e6ringsmateriell rundt varme arbeider. Wee kurssenter AS har utdannede instrukt\u00f8rer og tilbyr denne kompetansen p\u00e5 heldagskurs som inneb\u00e6rer b\u00e5de slukke\u00f8velse og teoripr\u00f8ve.<\/p>\n<p><span style=\"text-decoration: underline; color: #008000;\"><a style=\"color: #008000; text-decoration: underline;\" href=\"http:\/\/www.wee.no\/kurs\/index.cfm?id=341312&amp;site=2\" target=\"_blank\">Les mer om kursene og meld deg p\u00e5 her!<\/a><\/span><\/p>\n<p><span style=\"text-decoration: underline;\"><span style=\"color: #008000;\"><a style=\"color: #008000; text-decoration: underline;\" href=\"http:\/\/www.fgsikring.no\/no\/Hoved\/varme-arbeider\/sikkerhetsforskrift-per-112015\/\" target=\"_blank\">Les mer om sikkerhetsforskriftene her!<\/a><\/span><\/span><\/p>\n<p>&nbsp;<\/p>\n","protected":false},"excerpt":{"rendered":"<p>Brenner firmaets bygg ned p\u00e5 grunn varme arbeid, og du ikke kan dokumentere kurskompetanse, risikerer du \u00e5 st\u00e5 [&hellip;]<\/p>\n","protected":false},"author":2,"featured_media":621,"parent":0,"menu_order":0,"comment_status":"closed","ping_status":"closed","template":"","meta":{"spay_email":""},"jetpack_sharing_enabled":true,"jetpack_shortlink":"https:\/\/wp.me\/P5Yg58-a0","jetpack-related-posts":[],"_links":{"self":[{"href":"https:\/\/nyheter.wee.no\/index.php?rest_route=\/wp\/v2\/pages\/620"}],"collection":[{"href":"https:\/\/nyheter.wee.no\/index.php?rest_route=\/wp\/v2\/pages"}],"about":[{"href":"https:\/\/nyheter.wee.no\/index.php?rest_route=\/wp\/v2\/types\/page"}],"author":[{"embeddable":true,"href":"https:\/\/nyheter.wee.no\/index.php?rest_route=\/wp\/v2\/users\/2"}],"replies":[{"embeddable":true,"href":"https:\/\/nyheter.wee.no\/index.php?rest_route=%2Fwp%2Fv2%2Fcomments&post=620"}],"version-history":[{"count":1,"href":"https:\/\/nyheter.wee.no\/index.php?rest_route=\/wp\/v2\/pages\/620\/revisions"}],"predecessor-version":[{"id":622,"href":"https:\/\/nyheter.wee.no\/index.php?rest_route=\/wp\/v2\/pages\/620\/revisions\/622"}],"wp:featuredmedia":[{"embeddable":true,"href":"https:\/\/nyheter.wee.no\/index.php?rest_route=\/wp\/v2\/media\/621"}],"wp:attachment":[{"href":"https:\/\/nyheter.wee.no\/index.php?rest_route=%2Fwp%2Fv2%2Fmedia&parent=620"}],"curies":[{"name":"wp","href":"https:\/\/api.w.org\/{rel}","templated":true}]}}