{"id":12,"date":"2015-03-30T08:19:09","date_gmt":"2015-03-30T07:19:09","guid":{"rendered":"http:\/\/weegruppen.no\/?page_id=12"},"modified":"2017-02-08T12:06:46","modified_gmt":"2017-02-08T11:06:46","slug":"kontakt","status":"publish","type":"page","link":"https:\/\/nyheter.wee.no\/?page_id=12","title":{"rendered":"Kontakt"},"content":{"rendered":"<p>Finn alle v\u00e5re produkter i nettbutikkene:<\/p>\n<ul>\n<li><span style=\"color: #000000;\"><a style=\"color: #000000; text-decoration: underline;\" title=\"Wee Trading\" href=\"http:\/\/www.wee-trading.no\/index.cfm?id=342016\" target=\"_blank\"> Wee Trading<\/a><\/span><\/li>\n<li><span style=\"color: #000000;\"><a style=\"color: #000000; text-decoration: underline;\" title=\"Wee Marine\" href=\"http:\/\/wee-marine.no\" target=\"_blank\">Wee Marine<\/a><\/span><\/li>\n<li><span style=\"color: #000000;\"><a style=\"color: #000000; text-decoration: underline;\" title=\"Wee Caravan System\" href=\"http:\/\/weefritid.no\" target=\"_blank\">WeeFritid.no<\/a><\/span><\/li>\n<li><span style=\"text-decoration: underline;\"><span style=\"color: #000000;\"><a style=\"color: #000000; text-decoration: underline;\" href=\"http:\/\/weecamp.no\" target=\"_blank\">WeeCamp<\/a><\/span><\/span><\/li>\n<li><span style=\"color: #000000;\"><a style=\"color: #000000; text-decoration: underline;\" title=\"WeeCar\" href=\"http:\/\/weecar.no\" target=\"_blank\">WeeCar<\/a><\/span><\/li>\n<li><span style=\"color: #000000;\"><a style=\"color: #000000; text-decoration: underline;\" title=\"Rolf Wee Transport\" href=\"http:\/\/www.wee.no\/index.cfm?id=341231&amp;site=1\" target=\"_blank\">Rolf Wee Transport<\/a><\/span><\/li>\n<li><span style=\"color: #000000;\"><a style=\"color: #000000; text-decoration: underline;\" title=\"Wee Kurssenter\" href=\"http:\/\/www.wee.no\/index.cfm?id=341312&amp;site=2\" target=\"_blank\">Wee Kurssenter AS<\/a><\/span><\/li>\n<\/ul>\n<p>Du kan ogs\u00e5 enkelt bes\u00f8ke v\u00e5re facebooksider ved \u00e5 klikke deg inn p\u00e5 boksene p\u00e5 h\u00f8yre side.<\/p>\n<hr \/>\n<p>&nbsp;<\/p>\n<h3>Send oss e-post:<\/h3>\n<div id='contact-form-12'>\n<form action='https:\/\/nyheter.wee.no\/?page_id=12#contact-form-12' method='post' class='contact-form commentsblock'>\n\n<div class='grunion-field-wrap grunion-field-name-wrap'  >\n<label\n\t\t\t\tfor='g12-navn'\n\t\t\t\tclass='grunion-field-label name'\n\t\t\t\t>Navn<span>(obligatorisk)<\/span><\/label>\n<input\n\t\t\t\t\ttype='text'\n\t\t\t\t\tname='g12-navn'\n\t\t\t\t\tid='g12-navn'\n\t\t\t\t\tvalue=''\n\t\t\t\t\tclass='name' \n\t\t\t\t\trequired aria-required='true'\n\t\t\t\t\/>\n\t<\/div>\n\n<div class='grunion-field-wrap grunion-field-email-wrap'  >\n<label\n\t\t\t\tfor='g12-epost'\n\t\t\t\tclass='grunion-field-label email'\n\t\t\t\t>E-post<span>(obligatorisk)<\/span><\/label>\n<input\n\t\t\t\t\ttype='email'\n\t\t\t\t\tname='g12-epost'\n\t\t\t\t\tid='g12-epost'\n\t\t\t\t\tvalue=''\n\t\t\t\t\tclass='email' \n\t\t\t\t\trequired aria-required='true'\n\t\t\t\t\/>\n\t<\/div>\n\n<div class='grunion-field-wrap grunion-field-radio-wrap'  >\n<label\n\t\t\t\tfor='g12-omhandler'\n\t\t\t\tclass='grunion-field-label'\n\t\t\t\t>Omhandler<span>(obligatorisk)<\/span><\/label>\n\t\t<label class='grunion-radio-label radio'><input\n\t\t\t\t\t\t\t\t\ttype='radio'\n\t\t\t\t\t\t\t\t\tname='g12-omhandler'\n\t\t\t\t\t\t\t\t\tvalue='Wee Marine' class='radio'  required aria-required='true'\/> Wee Marine<\/label>\n\t\t<div class='clear-form'><\/div>\n\t\t<label class='grunion-radio-label radio'><input\n\t\t\t\t\t\t\t\t\ttype='radio'\n\t\t\t\t\t\t\t\t\tname='g12-omhandler'\n\t\t\t\t\t\t\t\t\tvalue='Wee Trading' class='radio'  required aria-required='true'\/> Wee Trading<\/label>\n\t\t<div class='clear-form'><\/div>\n\t\t<label class='grunion-radio-label radio'><input\n\t\t\t\t\t\t\t\t\ttype='radio'\n\t\t\t\t\t\t\t\t\tname='g12-omhandler'\n\t\t\t\t\t\t\t\t\tvalue='WeeCar' class='radio'  required aria-required='true'\/> WeeCar<\/label>\n\t\t<div class='clear-form'><\/div>\n\t\t<label class='grunion-radio-label radio'><input\n\t\t\t\t\t\t\t\t\ttype='radio'\n\t\t\t\t\t\t\t\t\tname='g12-omhandler'\n\t\t\t\t\t\t\t\t\tvalue='WeeFritid.no' class='radio'  required aria-required='true'\/> WeeFritid.no<\/label>\n\t\t<div class='clear-form'><\/div>\n\t\t<label class='grunion-radio-label radio'><input\n\t\t\t\t\t\t\t\t\ttype='radio'\n\t\t\t\t\t\t\t\t\tname='g12-omhandler'\n\t\t\t\t\t\t\t\t\tvalue='Wee Gruppen' class='radio'  required aria-required='true'\/> Wee Gruppen<\/label>\n\t\t<div class='clear-form'><\/div>\n\t\t<label class='grunion-radio-label radio'><input\n\t\t\t\t\t\t\t\t\ttype='radio'\n\t\t\t\t\t\t\t\t\tname='g12-omhandler'\n\t\t\t\t\t\t\t\t\tvalue='Annet' class='radio'  required aria-required='true'\/> Annet<\/label>\n\t\t<div class='clear-form'><\/div>\n\t<\/div>\n\n<div class='grunion-field-wrap grunion-field-textarea-wrap'  >\n<label\n\t\t\t\tfor='contact-form-comment-g12-kommentar'\n\t\t\t\tclass='grunion-field-label textarea'\n\t\t\t\t>Kommentar<span>(obligatorisk)<\/span><\/label>\n<textarea\n\t\t                name='g12-kommentar'\n\t\t                id='contact-form-comment-g12-kommentar'\n\t\t                rows='20' class='textarea'  required aria-required='true'><\/textarea>\n\t<\/div>\n\t<p class='contact-submit'>\n\t\t<button type='submit' class='pushbutton-wide'>Send inn<\/button>\t\t<input type='hidden' name='contact-form-id' value='12' \/>\n\t\t<input type='hidden' name='action' value='grunion-contact-form' \/>\n\t\t<input type='hidden' name='contact-form-hash' value='8082cedb3e15ad3d8c2dd80c09898f5acb3bbc97' \/>\n\t<\/p>\n<\/form>\n<\/div>\n<p>&nbsp;<\/p>\n","protected":false},"excerpt":{"rendered":"<p>Finn alle v\u00e5re produkter i nettbutikkene: Wee Trading Wee Marine WeeFritid.no WeeCamp WeeCar Rolf Wee Transport Wee Kurssenter [&hellip;]<\/p>\n","protected":false},"author":1,"featured_media":0,"parent":0,"menu_order":0,"comment_status":"closed","ping_status":"closed","template":"","meta":{"spay_email":""},"jetpack_sharing_enabled":true,"jetpack_shortlink":"https:\/\/wp.me\/P5Yg58-c","jetpack-related-posts":[],"_links":{"self":[{"href":"https:\/\/nyheter.wee.no\/index.php?rest_route=\/wp\/v2\/pages\/12"}],"collection":[{"href":"https:\/\/nyheter.wee.no\/index.php?rest_route=\/wp\/v2\/pages"}],"about":[{"href":"https:\/\/nyheter.wee.no\/index.php?rest_route=\/wp\/v2\/types\/page"}],"author":[{"embeddable":true,"href":"https:\/\/nyheter.wee.no\/index.php?rest_route=\/wp\/v2\/users\/1"}],"replies":[{"embeddable":true,"href":"https:\/\/nyheter.wee.no\/index.php?rest_route=%2Fwp%2Fv2%2Fcomments&post=12"}],"version-history":[{"count":20,"href":"https:\/\/nyheter.wee.no\/index.php?rest_route=\/wp\/v2\/pages\/12\/revisions"}],"predecessor-version":[{"id":609,"href":"https:\/\/nyheter.wee.no\/index.php?rest_route=\/wp\/v2\/pages\/12\/revisions\/609"}],"wp:attachment":[{"href":"https:\/\/nyheter.wee.no\/index.php?rest_route=%2Fwp%2Fv2%2Fmedia&parent=12"}],"curies":[{"name":"wp","href":"https:\/\/api.w.org\/{rel}","templated":true}]}}